{"id":16,"date":"2014-01-22T15:03:53","date_gmt":"2014-01-22T13:03:53","guid":{"rendered":"http:\/\/jkequinox.sk\/?page_id=16"},"modified":"2019-08-23T09:07:03","modified_gmt":"2019-08-23T07:07:03","slug":"o-nas","status":"publish","type":"page","link":"https:\/\/jkequinox.sk\/?page_id=16","title":{"rendered":"O n\u00e1s"},"content":{"rendered":"<p>Staj\u0148a JK Equinox s\u00eddli v obci Modrov\u00e1 okres Nov\u00e9 Mesto nad V\u00e1hom. Klub sa venuje jazdeck\u00e9mu \u0161portu v discipl\u00ednach skoky, drez\u00fara, pony \u0161port. \u010ea\u013eej chovu kon\u00ed plemena ST, pony a hannoversk\u00fd teplokrvn\u00edk. V roku 2014 bol JK Equinox uznan\u00fd spolkom <a href=\"http:\/\/www.hannoveraner.com\/hannoveraner-verband\" target=\"_blank\" rel=\"noopener noreferrer\">Hannoveraner Verband e. V.<\/a> ako ofici\u00e1lny chovate\u013e hannoversk\u00e9ho teplokrvn\u00edka na Slovensku.<\/p>\n<p>Klub pon\u00faka slu\u017eby ako ustajnenie kon\u00ed, tr\u00e9ning a pr\u00edprava kon\u00ed a jazdcov pre jazdeck\u00fd \u0161port,\u00a0 pren\u00e1jom haly, prepravu kon\u00ed a in\u00e9. Viac o slu\u017eb\u00e1ch n\u00e1jdete v prie\u010dinku <a title=\"Slu\u017eby\" href=\"http:\/\/jkequinox.sk\/?page_id=22\">SLU\u017dBY<\/a>.<\/p>\n","protected":false},"excerpt":{"rendered":"<p>Staj\u0148a JK Equinox s\u00eddli v obci Modrov\u00e1 okres Nov\u00e9 Mesto nad V\u00e1hom. Klub sa venuje jazdeck\u00e9mu \u0161portu v discipl\u00ednach skoky, drez\u00fara, pony \u0161port. \u010ea\u013eej chovu kon\u00ed plemena ST, pony a hannoversk\u00fd teplokrvn\u00edk. V roku 2014 bol JK Equinox uznan\u00fd spolkom Hannoveraner Verband e. V. ako ofici\u00e1lny chovate\u013e hannoversk\u00e9ho teplokrvn\u00edka na Slovensku. Klub pon\u00faka slu\u017eby ako [&hellip;]<\/p>\n","protected":false},"author":1,"featured_media":59,"parent":0,"menu_order":0,"comment_status":"closed","ping_status":"open","template":"","meta":{"footnotes":""},"class_list":["post-16","page","type-page","status-publish","has-post-thumbnail","hentry"],"_links":{"self":[{"href":"https:\/\/jkequinox.sk\/index.php?rest_route=\/wp\/v2\/pages\/16","targetHints":{"allow":["GET"]}}],"collection":[{"href":"https:\/\/jkequinox.sk\/index.php?rest_route=\/wp\/v2\/pages"}],"about":[{"href":"https:\/\/jkequinox.sk\/index.php?rest_route=\/wp\/v2\/types\/page"}],"author":[{"embeddable":true,"href":"https:\/\/jkequinox.sk\/index.php?rest_route=\/wp\/v2\/users\/1"}],"replies":[{"embeddable":true,"href":"https:\/\/jkequinox.sk\/index.php?rest_route=%2Fwp%2Fv2%2Fcomments&post=16"}],"version-history":[{"count":9,"href":"https:\/\/jkequinox.sk\/index.php?rest_route=\/wp\/v2\/pages\/16\/revisions"}],"predecessor-version":[{"id":349,"href":"https:\/\/jkequinox.sk\/index.php?rest_route=\/wp\/v2\/pages\/16\/revisions\/349"}],"wp:featuredmedia":[{"embeddable":true,"href":"https:\/\/jkequinox.sk\/index.php?rest_route=\/wp\/v2\/media\/59"}],"wp:attachment":[{"href":"https:\/\/jkequinox.sk\/index.php?rest_route=%2Fwp%2Fv2%2Fmedia&parent=16"}],"curies":[{"name":"wp","href":"https:\/\/api.w.org\/{rel}","templated":true}]}}