{"id":47,"date":"2014-01-23T13:01:46","date_gmt":"2014-01-23T11:01:46","guid":{"rendered":"http:\/\/jkequinox.sk\/?page_id=47"},"modified":"2019-08-23T09:07:02","modified_gmt":"2019-08-23T07:07:02","slug":"zriebata","status":"publish","type":"page","link":"https:\/\/jkequinox.sk\/?page_id=47","title":{"rendered":"\u017drieb\u00e4t\u00e1"},"content":{"rendered":"<p>LAWAY S<\/p>\n<p>pohlavie: \u017erebec<\/p>\n<p>d\u00e1t.nar.: 28.5.2014<\/p>\n<p>plemeno: Hannoveraner<\/p>\n<p>matka: Dornroeschen \/Draghan\/Diawolo<\/p>\n<p>otec: Ludwig von Bayern\/Landor S<a href=\"http:\/\/jkequinox.sk\/wp-content\/uploads\/2014\/01\/10458129_1426375614302324_6095377337537587914_n.jpg\"><img loading=\"lazy\" decoding=\"async\" class=\"aligncenter size-full wp-image-184\" src=\"http:\/\/jkequinox.sk\/wp-content\/uploads\/2014\/01\/10458129_1426375614302324_6095377337537587914_n.jpg\" alt=\"10458129_1426375614302324_6095377337537587914_n\" width=\"960\" height=\"640\" srcset=\"https:\/\/jkequinox.sk\/wp-content\/uploads\/2014\/01\/10458129_1426375614302324_6095377337537587914_n.jpg 960w, https:\/\/jkequinox.sk\/wp-content\/uploads\/2014\/01\/10458129_1426375614302324_6095377337537587914_n-300x200.jpg 300w\" sizes=\"auto, (max-width: 960px) 100vw, 960px\" \/><\/a><\/p>\n<p>&nbsp;<\/p>\n<p>LANVINE VON BAYERN<\/p>\n<p>pohlavie: kobyla<\/p>\n<p>d\u00e1t.nar.: 19.6.2015<\/p>\n<p>plemeno: Hannoveraner<\/p>\n<p>matka: Dornroeschen \/Draghan\/Diawolo<\/p>\n<p>otec: Ludwig von Bayern\/Landor S<a href=\"http:\/\/jkequinox.sk\/wp-content\/uploads\/2014\/01\/IMG_4149.jpg\"><img loading=\"lazy\" decoding=\"async\" class=\"aligncenter size-full wp-image-260\" src=\"http:\/\/jkequinox.sk\/wp-content\/uploads\/2014\/01\/IMG_4149.jpg\" alt=\"IMG_4149\" width=\"2448\" height=\"3264\" srcset=\"https:\/\/jkequinox.sk\/wp-content\/uploads\/2014\/01\/IMG_4149.jpg 2448w, https:\/\/jkequinox.sk\/wp-content\/uploads\/2014\/01\/IMG_4149-225x300.jpg 225w, https:\/\/jkequinox.sk\/wp-content\/uploads\/2014\/01\/IMG_4149-768x1024.jpg 768w\" sizes=\"auto, (max-width: 2448px) 100vw, 2448px\" \/><\/a><\/p>\n","protected":false},"excerpt":{"rendered":"<p>LAWAY S pohlavie: \u017erebec d\u00e1t.nar.: 28.5.2014 plemeno: Hannoveraner matka: Dornroeschen \/Draghan\/Diawolo otec: Ludwig von Bayern\/Landor S &nbsp; LANVINE VON BAYERN pohlavie: kobyla d\u00e1t.nar.: 19.6.2015 plemeno: Hannoveraner matka: Dornroeschen \/Draghan\/Diawolo otec: Ludwig von Bayern\/Landor S<\/p>\n","protected":false},"author":1,"featured_media":0,"parent":39,"menu_order":0,"comment_status":"closed","ping_status":"open","template":"","meta":{"footnotes":""},"class_list":["post-47","page","type-page","status-publish","hentry"],"_links":{"self":[{"href":"https:\/\/jkequinox.sk\/index.php?rest_route=\/wp\/v2\/pages\/47","targetHints":{"allow":["GET"]}}],"collection":[{"href":"https:\/\/jkequinox.sk\/index.php?rest_route=\/wp\/v2\/pages"}],"about":[{"href":"https:\/\/jkequinox.sk\/index.php?rest_route=\/wp\/v2\/types\/page"}],"author":[{"embeddable":true,"href":"https:\/\/jkequinox.sk\/index.php?rest_route=\/wp\/v2\/users\/1"}],"replies":[{"embeddable":true,"href":"https:\/\/jkequinox.sk\/index.php?rest_route=%2Fwp%2Fv2%2Fcomments&post=47"}],"version-history":[{"count":4,"href":"https:\/\/jkequinox.sk\/index.php?rest_route=\/wp\/v2\/pages\/47\/revisions"}],"predecessor-version":[{"id":272,"href":"https:\/\/jkequinox.sk\/index.php?rest_route=\/wp\/v2\/pages\/47\/revisions\/272"}],"up":[{"embeddable":true,"href":"https:\/\/jkequinox.sk\/index.php?rest_route=\/wp\/v2\/pages\/39"}],"wp:attachment":[{"href":"https:\/\/jkequinox.sk\/index.php?rest_route=%2Fwp%2Fv2%2Fmedia&parent=47"}],"curies":[{"name":"wp","href":"https:\/\/api.w.org\/{rel}","templated":true}]}}