{"id":79,"date":"2014-01-23T15:10:08","date_gmt":"2014-01-23T13:10:08","guid":{"rendered":"http:\/\/jkequinox.sk\/?page_id=79"},"modified":"2019-08-23T09:07:03","modified_gmt":"2019-08-23T07:07:03","slug":"dornroschen-2","status":"publish","type":"page","link":"https:\/\/jkequinox.sk\/?page_id=79","title":{"rendered":"Dornr\u00f6schen"},"content":{"rendered":"<p>Dornr\u00f6schen je chovn\u00e1 kobyla hannoversk\u00e9ho teplokrvn\u00edka\u00a0 naroden\u00e1 v roku 2001 u chovate\u013eky Suzzan Petersen v nemecku. Kobyla je preva\u017ene drez\u00farnej krvi. Odchovala uz 5 \u017erieb\u00e4t a moment\u00e1lne je \u017erebn\u00e1 po plemennom \u017erebcovi LUDWIG VON BAYERN. Vynik\u00e1 kvalitn\u00fdm pohybom a dobrou jazdite\u013enos\u0165ou \u010do pren\u00e1\u0161a aj na potomstvo.<\/p>\n","protected":false},"excerpt":{"rendered":"<p>Dornr\u00f6schen je chovn\u00e1 kobyla hannoversk\u00e9ho teplokrvn\u00edka\u00a0 naroden\u00e1 v roku 2001 u chovate\u013eky Suzzan Petersen v nemecku. Kobyla je preva\u017ene drez\u00farnej krvi. Odchovala uz 5 \u017erieb\u00e4t a moment\u00e1lne je \u017erebn\u00e1 po plemennom \u017erebcovi LUDWIG VON BAYERN. Vynik\u00e1 kvalitn\u00fdm pohybom a dobrou jazdite\u013enos\u0165ou \u010do pren\u00e1\u0161a aj na potomstvo.<\/p>\n","protected":false},"author":1,"featured_media":0,"parent":28,"menu_order":0,"comment_status":"closed","ping_status":"open","template":"","meta":{"footnotes":""},"class_list":["post-79","page","type-page","status-publish","hentry"],"_links":{"self":[{"href":"https:\/\/jkequinox.sk\/index.php?rest_route=\/wp\/v2\/pages\/79","targetHints":{"allow":["GET"]}}],"collection":[{"href":"https:\/\/jkequinox.sk\/index.php?rest_route=\/wp\/v2\/pages"}],"about":[{"href":"https:\/\/jkequinox.sk\/index.php?rest_route=\/wp\/v2\/types\/page"}],"author":[{"embeddable":true,"href":"https:\/\/jkequinox.sk\/index.php?rest_route=\/wp\/v2\/users\/1"}],"replies":[{"embeddable":true,"href":"https:\/\/jkequinox.sk\/index.php?rest_route=%2Fwp%2Fv2%2Fcomments&post=79"}],"version-history":[{"count":3,"href":"https:\/\/jkequinox.sk\/index.php?rest_route=\/wp\/v2\/pages\/79\/revisions"}],"predecessor-version":[{"id":125,"href":"https:\/\/jkequinox.sk\/index.php?rest_route=\/wp\/v2\/pages\/79\/revisions\/125"}],"up":[{"embeddable":true,"href":"https:\/\/jkequinox.sk\/index.php?rest_route=\/wp\/v2\/pages\/28"}],"wp:attachment":[{"href":"https:\/\/jkequinox.sk\/index.php?rest_route=%2Fwp%2Fv2%2Fmedia&parent=79"}],"curies":[{"name":"wp","href":"https:\/\/api.w.org\/{rel}","templated":true}]}}