{"id":83,"date":"2014-01-23T15:10:43","date_gmt":"2014-01-23T13:10:43","guid":{"rendered":"http:\/\/jkequinox.sk\/?page_id=83"},"modified":"2019-08-23T09:07:03","modified_gmt":"2019-08-23T07:07:03","slug":"vortex-margarite","status":"publish","type":"page","link":"https:\/\/jkequinox.sk\/?page_id=83","title":{"rendered":"Vortex Margarite"},"content":{"rendered":"<p>VOTREX MARGARITE je kobyla registrovan\u00e1 ako slovensk\u00fd teplokrvn\u00edk a v plemennej knihe rak\u00faskeho teplokrvn\u00edka. Narodila sa v roku 2008 vo V\u00edtkovsk\u00fdch stajniach v Kuzmiciach. Kobyla vynik\u00e1, v\u00fdbornou jazdite\u013enos\u0165ou, pru\u017en\u00fdm pohybom a ve\u013emi siln\u00fdm odrazom skoku \u010do ju napriek jej drobnej\u0161iemu vzrastu predur\u010duje do vy\u0161\u0161ieho skokov\u00e9ho \u0161portu. Je dc\u00e9rou v\u00fdznamn\u00e9ho plemenn\u00edka CAESAR VAN DE HELLE.<\/p>\n","protected":false},"excerpt":{"rendered":"<p>VOTREX MARGARITE je kobyla registrovan\u00e1 ako slovensk\u00fd teplokrvn\u00edk a v plemennej knihe rak\u00faskeho teplokrvn\u00edka. Narodila sa v roku 2008 vo V\u00edtkovsk\u00fdch stajniach v Kuzmiciach. Kobyla vynik\u00e1, v\u00fdbornou jazdite\u013enos\u0165ou, pru\u017en\u00fdm pohybom a ve\u013emi siln\u00fdm odrazom skoku \u010do ju napriek jej drobnej\u0161iemu vzrastu predur\u010duje do vy\u0161\u0161ieho skokov\u00e9ho \u0161portu. Je dc\u00e9rou v\u00fdznamn\u00e9ho plemenn\u00edka CAESAR VAN DE HELLE.<\/p>\n","protected":false},"author":1,"featured_media":0,"parent":28,"menu_order":0,"comment_status":"closed","ping_status":"open","template":"","meta":{"footnotes":""},"class_list":["post-83","page","type-page","status-publish","hentry"],"_links":{"self":[{"href":"https:\/\/jkequinox.sk\/index.php?rest_route=\/wp\/v2\/pages\/83","targetHints":{"allow":["GET"]}}],"collection":[{"href":"https:\/\/jkequinox.sk\/index.php?rest_route=\/wp\/v2\/pages"}],"about":[{"href":"https:\/\/jkequinox.sk\/index.php?rest_route=\/wp\/v2\/types\/page"}],"author":[{"embeddable":true,"href":"https:\/\/jkequinox.sk\/index.php?rest_route=\/wp\/v2\/users\/1"}],"replies":[{"embeddable":true,"href":"https:\/\/jkequinox.sk\/index.php?rest_route=%2Fwp%2Fv2%2Fcomments&post=83"}],"version-history":[{"count":4,"href":"https:\/\/jkequinox.sk\/index.php?rest_route=\/wp\/v2\/pages\/83\/revisions"}],"predecessor-version":[{"id":169,"href":"https:\/\/jkequinox.sk\/index.php?rest_route=\/wp\/v2\/pages\/83\/revisions\/169"}],"up":[{"embeddable":true,"href":"https:\/\/jkequinox.sk\/index.php?rest_route=\/wp\/v2\/pages\/28"}],"wp:attachment":[{"href":"https:\/\/jkequinox.sk\/index.php?rest_route=%2Fwp%2Fv2%2Fmedia&parent=83"}],"curies":[{"name":"wp","href":"https:\/\/api.w.org\/{rel}","templated":true}]}}